{"id":276,"date":"2019-06-11T13:43:11","date_gmt":"2019-06-11T11:43:11","guid":{"rendered":"http:\/\/maudtherapie.fr\/?page_id=276"},"modified":"2025-06-19T17:15:04","modified_gmt":"2025-06-19T15:15:04","slug":"qui-suis-je","status":"publish","type":"page","link":"https:\/\/maudtherapie.fr\/index.php\/qui-suis-je\/","title":{"rendered":"Qui suis-je ?"},"content":{"rendered":"\n<p><a href=\"https:\/\/maudtherapie.fr\/index.php\/la-visio\/\">S\u00e9ances en visio<\/a><\/p>\n\n\n\n<p class=\"has-text-align-center\"><strong>Maud Foucque<\/strong>, <a href=\"https:\/\/maudtherapie.fr\/index.php\/la-seance-de-sexotherapie\/\">Psychopraticienne<\/a> et <a href=\"http:\/\/maudtherapie.fr\/index.php\/la-sexotherapie\/\">Sexoth\u00e9rapeute<\/a>.<\/p>\n\n\n<div class=\"wp-block-image\">\n<figure class=\"alignleft is-resized\"><img loading=\"lazy\" decoding=\"async\" width=\"768\" height=\"1024\" src=\"http:\/\/maudtherapie.fr\/wp-content\/uploads\/2019\/06\/photo-maud-pro-768x1024.jpg\" alt=\"\" class=\"wp-image-363\" style=\"aspect-ratio:0.7588235294117647;width:194px;height:auto\" srcset=\"https:\/\/maudtherapie.fr\/wp-content\/uploads\/2019\/06\/photo-maud-pro-768x1024.jpg 768w, https:\/\/maudtherapie.fr\/wp-content\/uploads\/2019\/06\/photo-maud-pro-225x300.jpg 225w, https:\/\/maudtherapie.fr\/wp-content\/uploads\/2019\/06\/photo-maud-pro-900x1200.jpg 900w, https:\/\/maudtherapie.fr\/wp-content\/uploads\/2019\/06\/photo-maud-pro-1280x1707.jpg 1280w, https:\/\/maudtherapie.fr\/wp-content\/uploads\/2019\/06\/photo-maud-pro.jpg 1944w\" sizes=\"auto, (max-width: 768px) 100vw, 768px\" \/><\/figure><\/div>\n\n\n<p class=\"has-text-align-center\">Forte d&#8217;une exp\u00e9rience de plusieurs ann\u00e9es aupr\u00e8s de diff\u00e9rents publics, j&#8217;interviens aupr\u00e8s d&#8217;adultes autistes s\u00e9v\u00e8res, ainsi qu&#8217;au sein d&#8217;une unit\u00e9 g\u00e9ronto-psychiatrique en tant que musicoth\u00e9rapeute et sonoth\u00e9rapeute. <br>J&#8217;ai \u00e9galement travaill\u00e9 en cabinet, je mets actuellement mes comp\u00e9tences en pratique en <a href=\"http:\/\/maudtherapie.fr\/index.php\/le-cabinet\/\">visio<\/a>.<\/p>\n\n\n\n<p class=\"has-text-align-center\">Curieuse, je mets un point d&#8217;honneur \u00e0 me former en permanence afin d&#8217;affiner ma compr\u00e9hension du psychisme humain et recherche constamment de nouvelles techniques pour vous <a href=\"http:\/\/maudtherapie.fr\/index.php\/contact\/\">accompagner<\/a>. <\/p>\n\n\n\n<p>&#8230;&#8230;&#8230;&#8230;&#8230;&#8230;&#8230;&#8230;&#8230;&#8230;&#8230;<\/p>\n\n\n\n<p>En formation de psychanalyste \u00e0 l&#8217;EFPP.  <\/p>\n\n\n\n<p>Form\u00e9e \u00e0<em> <\/em>l&#8217;accompagnement du <em>Sevrage <\/em>: <br>        <em>Tabac &#8211; Sucre Ajout\u00e9 &#8211; Gestion du Stress<\/em> par Carine SIMON. <\/p>\n\n\n\n<p>Form\u00e9e au <em>mod\u00e8le BERTHELON<\/em>, musicoth\u00e9rapie en g\u00e9riatrie, \u00e0 l&#8217;Atelier de Musicoth\u00e9rapie de Bourgogne, Dijon. <\/p>\n\n\n\n<p>Form\u00e9e en <em>Sonoth\u00e9rapie<\/em> au CIM&amp;SO, Dreux.  <\/p>\n\n\n\n<p>Form\u00e9e en <em>Sexoth\u00e9rapie<\/em> \u00e0 l\u2019institut Psynapse, aupr\u00e8s d\u2019Alain H\u00e9ril. <\/p>\n\n\n\n<p>Form\u00e9e en <em>Musicoth\u00e9rapie<\/em> au Centre International de Musicoth\u00e9rapie, Noisy-le-Grand.  <\/p>\n\n\n\n<p>Formation en <em>Psychopathologie<\/em> \u00e0 l\u2019institut Arche, aupr\u00e8s d\u2019Alain H\u00e9ril.  <\/p>\n\n\n\n<p>SIREN : 851 468 314<\/p>\n","protected":false},"excerpt":{"rendered":"<p>S\u00e9ances en visio Maud Foucque, Psychopraticienne et Sexoth\u00e9rapeute. Forte d&#8217;une exp\u00e9rience de plusieurs ann\u00e9es aupr\u00e8s de diff\u00e9rents publics, j&#8217;interviens aupr\u00e8s d&#8217;adultes autistes s\u00e9v\u00e8res, ainsi qu&#8217;au sein d&#8217;une unit\u00e9 g\u00e9ronto-psychiatrique en tant que musicoth\u00e9rapeute et sonoth\u00e9rapeute. J&#8217;ai \u00e9galement travaill\u00e9 en cabinet, je mets actuellement mes comp\u00e9tences en pratique en visio. Curieuse, je mets un point d&#8217;honneur [&hellip;]<\/p>\n","protected":false},"author":1,"featured_media":558,"parent":0,"menu_order":0,"comment_status":"closed","ping_status":"closed","template":"","meta":{"_monsterinsights_skip_tracking":false,"_monsterinsights_sitenote_active":false,"_monsterinsights_sitenote_note":"","_monsterinsights_sitenote_category":0,"footnotes":""},"class_list":["post-276","page","type-page","status-publish","has-post-thumbnail","hentry"],"yoast_head":"<!-- This site is optimized with the Yoast SEO plugin v24.9 - https:\/\/yoast.com\/wordpress\/plugins\/seo\/ -->\n<title>Qui suis-je ? - Maud Th\u00e9rapie<\/title>\n<meta name=\"robots\" content=\"index, follow, max-snippet:-1, max-image-preview:large, max-video-preview:-1\" \/>\n<link rel=\"canonical\" href=\"https:\/\/maudtherapie.fr\/index.php\/qui-suis-je\/\" \/>\n<meta property=\"og:locale\" content=\"en_US\" \/>\n<meta property=\"og:type\" content=\"article\" \/>\n<meta property=\"og:title\" content=\"Qui suis-je ? - Maud Th\u00e9rapie\" \/>\n<meta property=\"og:description\" content=\"S\u00e9ances en visio Maud Foucque, Psychopraticienne et Sexoth\u00e9rapeute. Forte d&#8217;une exp\u00e9rience de plusieurs ann\u00e9es aupr\u00e8s de diff\u00e9rents publics, j&#8217;interviens aupr\u00e8s d&#8217;adultes autistes s\u00e9v\u00e8res, ainsi qu&#8217;au sein d&#8217;une unit\u00e9 g\u00e9ronto-psychiatrique en tant que musicoth\u00e9rapeute et sonoth\u00e9rapeute. J&#8217;ai \u00e9galement travaill\u00e9 en cabinet, je mets actuellement mes comp\u00e9tences en pratique en visio. Curieuse, je mets un point d&#8217;honneur [&hellip;]\" \/>\n<meta property=\"og:url\" content=\"https:\/\/maudtherapie.fr\/index.php\/qui-suis-je\/\" \/>\n<meta property=\"og:site_name\" content=\"Maud Th\u00e9rapie\" \/>\n<meta property=\"article:modified_time\" content=\"2025-06-19T15:15:04+00:00\" \/>\n<meta property=\"og:image\" content=\"https:\/\/maudtherapie.fr\/wp-content\/uploads\/2020\/08\/banner.jpg\" \/>\n\t<meta property=\"og:image:width\" content=\"1280\" \/>\n\t<meta property=\"og:image:height\" content=\"481\" \/>\n\t<meta property=\"og:image:type\" content=\"image\/jpeg\" \/>\n<meta name=\"twitter:card\" content=\"summary_large_image\" \/>\n<meta name=\"twitter:label1\" content=\"Est. reading time\" \/>\n\t<meta name=\"twitter:data1\" content=\"2 minutes\" \/>\n<script type=\"application\/ld+json\" class=\"yoast-schema-graph\">{\"@context\":\"https:\/\/schema.org\",\"@graph\":[{\"@type\":\"WebPage\",\"@id\":\"https:\/\/maudtherapie.fr\/index.php\/qui-suis-je\/\",\"url\":\"https:\/\/maudtherapie.fr\/index.php\/qui-suis-je\/\",\"name\":\"Qui suis-je ? - Maud Th\u00e9rapie\",\"isPartOf\":{\"@id\":\"https:\/\/maudtherapie.fr\/#website\"},\"primaryImageOfPage\":{\"@id\":\"https:\/\/maudtherapie.fr\/index.php\/qui-suis-je\/#primaryimage\"},\"image\":{\"@id\":\"https:\/\/maudtherapie.fr\/index.php\/qui-suis-je\/#primaryimage\"},\"thumbnailUrl\":\"https:\/\/maudtherapie.fr\/wp-content\/uploads\/2020\/08\/banner.jpg\",\"datePublished\":\"2019-06-11T11:43:11+00:00\",\"dateModified\":\"2025-06-19T15:15:04+00:00\",\"breadcrumb\":{\"@id\":\"https:\/\/maudtherapie.fr\/index.php\/qui-suis-je\/#breadcrumb\"},\"inLanguage\":\"en-US\",\"potentialAction\":[{\"@type\":\"ReadAction\",\"target\":[\"https:\/\/maudtherapie.fr\/index.php\/qui-suis-je\/\"]}]},{\"@type\":\"ImageObject\",\"inLanguage\":\"en-US\",\"@id\":\"https:\/\/maudtherapie.fr\/index.php\/qui-suis-je\/#primaryimage\",\"url\":\"https:\/\/maudtherapie.fr\/wp-content\/uploads\/2020\/08\/banner.jpg\",\"contentUrl\":\"https:\/\/maudtherapie.fr\/wp-content\/uploads\/2020\/08\/banner.jpg\",\"width\":1280,\"height\":481},{\"@type\":\"BreadcrumbList\",\"@id\":\"https:\/\/maudtherapie.fr\/index.php\/qui-suis-je\/#breadcrumb\",\"itemListElement\":[{\"@type\":\"ListItem\",\"position\":1,\"name\":\"Accueil\",\"item\":\"https:\/\/maudtherapie.fr\/\"},{\"@type\":\"ListItem\",\"position\":2,\"name\":\"Qui suis-je ?\"}]},{\"@type\":\"WebSite\",\"@id\":\"https:\/\/maudtherapie.fr\/#website\",\"url\":\"https:\/\/maudtherapie.fr\/\",\"name\":\"Maud Th\u00e9rapie\",\"description\":\"Psychopraticienne et Sexoth\u00e9rapeute\",\"potentialAction\":[{\"@type\":\"SearchAction\",\"target\":{\"@type\":\"EntryPoint\",\"urlTemplate\":\"https:\/\/maudtherapie.fr\/?s={search_term_string}\"},\"query-input\":{\"@type\":\"PropertyValueSpecification\",\"valueRequired\":true,\"valueName\":\"search_term_string\"}}],\"inLanguage\":\"en-US\"}]}<\/script>\n<!-- \/ Yoast SEO plugin. -->","yoast_head_json":{"title":"Qui suis-je ? - Maud Th\u00e9rapie","robots":{"index":"index","follow":"follow","max-snippet":"max-snippet:-1","max-image-preview":"max-image-preview:large","max-video-preview":"max-video-preview:-1"},"canonical":"https:\/\/maudtherapie.fr\/index.php\/qui-suis-je\/","og_locale":"en_US","og_type":"article","og_title":"Qui suis-je ? - Maud Th\u00e9rapie","og_description":"S\u00e9ances en visio Maud Foucque, Psychopraticienne et Sexoth\u00e9rapeute. Forte d&#8217;une exp\u00e9rience de plusieurs ann\u00e9es aupr\u00e8s de diff\u00e9rents publics, j&#8217;interviens aupr\u00e8s d&#8217;adultes autistes s\u00e9v\u00e8res, ainsi qu&#8217;au sein d&#8217;une unit\u00e9 g\u00e9ronto-psychiatrique en tant que musicoth\u00e9rapeute et sonoth\u00e9rapeute. J&#8217;ai \u00e9galement travaill\u00e9 en cabinet, je mets actuellement mes comp\u00e9tences en pratique en visio. Curieuse, je mets un point d&#8217;honneur [&hellip;]","og_url":"https:\/\/maudtherapie.fr\/index.php\/qui-suis-je\/","og_site_name":"Maud Th\u00e9rapie","article_modified_time":"2025-06-19T15:15:04+00:00","og_image":[{"width":1280,"height":481,"url":"https:\/\/maudtherapie.fr\/wp-content\/uploads\/2020\/08\/banner.jpg","type":"image\/jpeg"}],"twitter_card":"summary_large_image","twitter_misc":{"Est. reading time":"2 minutes"},"schema":{"@context":"https:\/\/schema.org","@graph":[{"@type":"WebPage","@id":"https:\/\/maudtherapie.fr\/index.php\/qui-suis-je\/","url":"https:\/\/maudtherapie.fr\/index.php\/qui-suis-je\/","name":"Qui suis-je ? - Maud Th\u00e9rapie","isPartOf":{"@id":"https:\/\/maudtherapie.fr\/#website"},"primaryImageOfPage":{"@id":"https:\/\/maudtherapie.fr\/index.php\/qui-suis-je\/#primaryimage"},"image":{"@id":"https:\/\/maudtherapie.fr\/index.php\/qui-suis-je\/#primaryimage"},"thumbnailUrl":"https:\/\/maudtherapie.fr\/wp-content\/uploads\/2020\/08\/banner.jpg","datePublished":"2019-06-11T11:43:11+00:00","dateModified":"2025-06-19T15:15:04+00:00","breadcrumb":{"@id":"https:\/\/maudtherapie.fr\/index.php\/qui-suis-je\/#breadcrumb"},"inLanguage":"en-US","potentialAction":[{"@type":"ReadAction","target":["https:\/\/maudtherapie.fr\/index.php\/qui-suis-je\/"]}]},{"@type":"ImageObject","inLanguage":"en-US","@id":"https:\/\/maudtherapie.fr\/index.php\/qui-suis-je\/#primaryimage","url":"https:\/\/maudtherapie.fr\/wp-content\/uploads\/2020\/08\/banner.jpg","contentUrl":"https:\/\/maudtherapie.fr\/wp-content\/uploads\/2020\/08\/banner.jpg","width":1280,"height":481},{"@type":"BreadcrumbList","@id":"https:\/\/maudtherapie.fr\/index.php\/qui-suis-je\/#breadcrumb","itemListElement":[{"@type":"ListItem","position":1,"name":"Accueil","item":"https:\/\/maudtherapie.fr\/"},{"@type":"ListItem","position":2,"name":"Qui suis-je ?"}]},{"@type":"WebSite","@id":"https:\/\/maudtherapie.fr\/#website","url":"https:\/\/maudtherapie.fr\/","name":"Maud Th\u00e9rapie","description":"Psychopraticienne et Sexoth\u00e9rapeute","potentialAction":[{"@type":"SearchAction","target":{"@type":"EntryPoint","urlTemplate":"https:\/\/maudtherapie.fr\/?s={search_term_string}"},"query-input":{"@type":"PropertyValueSpecification","valueRequired":true,"valueName":"search_term_string"}}],"inLanguage":"en-US"}]}},"_links":{"self":[{"href":"https:\/\/maudtherapie.fr\/index.php\/wp-json\/wp\/v2\/pages\/276","targetHints":{"allow":["GET"]}}],"collection":[{"href":"https:\/\/maudtherapie.fr\/index.php\/wp-json\/wp\/v2\/pages"}],"about":[{"href":"https:\/\/maudtherapie.fr\/index.php\/wp-json\/wp\/v2\/types\/page"}],"author":[{"embeddable":true,"href":"https:\/\/maudtherapie.fr\/index.php\/wp-json\/wp\/v2\/users\/1"}],"replies":[{"embeddable":true,"href":"https:\/\/maudtherapie.fr\/index.php\/wp-json\/wp\/v2\/comments?post=276"}],"version-history":[{"count":70,"href":"https:\/\/maudtherapie.fr\/index.php\/wp-json\/wp\/v2\/pages\/276\/revisions"}],"predecessor-version":[{"id":869,"href":"https:\/\/maudtherapie.fr\/index.php\/wp-json\/wp\/v2\/pages\/276\/revisions\/869"}],"wp:featuredmedia":[{"embeddable":true,"href":"https:\/\/maudtherapie.fr\/index.php\/wp-json\/wp\/v2\/media\/558"}],"wp:attachment":[{"href":"https:\/\/maudtherapie.fr\/index.php\/wp-json\/wp\/v2\/media?parent=276"}],"curies":[{"name":"wp","href":"https:\/\/api.w.org\/{rel}","templated":true}]}}