{"id":277,"date":"2019-06-11T13:43:22","date_gmt":"2019-06-11T11:43:22","guid":{"rendered":"http:\/\/maudtherapie.fr\/?page_id=277"},"modified":"2024-08-15T13:55:32","modified_gmt":"2024-08-15T11:55:32","slug":"la-sexotherapie","status":"publish","type":"page","link":"https:\/\/maudtherapie.fr\/index.php\/la-sexotherapie\/","title":{"rendered":"La sexoth\u00e9rapie"},"content":{"rendered":"\n<p><a href=\"http:\/\/maudtherapie.fr\/index.php\/la-seance-de-sexotherapie\/\">La s\u00e9ance de sexoth\u00e9rapie<\/a> <\/p>\n\n\n\n<p><em><strong>La sexoth\u00e9rapie est un accompagnement th\u00e9rapeutique des troubles sexuels d&#8217;ordre psychique. <\/strong><\/em><\/p>\n\n\n\n<p>La sexoth\u00e9rapie a vu le jour dans les ann\u00e9es 60. C&#8217;est une th\u00e9rapie qui vise \u00e0 recr\u00e9er les conditions d&#8217;une vie sexuelle \u00e9panouie.  On consulte un sexoth\u00e9rapeute pour des troubles sexuels une fois que les causes m\u00e9dicales sont \u00e9cart\u00e9es. Les troubles les plus fr\u00e9quents sont la perte de d\u00e9sir, difficult\u00e9 d&#8217;\u00e9rection chez l&#8217;homme, difficult\u00e9 \u00e0 atteindre l&#8217;orgasme chez la femme. Le sexoth\u00e9rapeute est pr\u00e9sent aussi pour vous accompagner apr\u00e8s un traumatisme. <\/p>\n\n\n\n<p>Le sexoth\u00e9rapeute permet de cr\u00e9er un espace d\u2019\u00e9coute s\u00e9curisant pour vous permettre d\u2019aborder vos questionnements sur la sexualit\u00e9, pour vous donner un espace d\u2019expression mais aussi de renouer avec votre corps gr\u00e2ce \u00e0 des techniques psycho-corporelles. <\/p>\n\n\n\n<p><em>L&#8217;OMS propose une d\u00e9finition de la sant\u00e9 sexuelle : <\/em><\/p>\n\n\n\n<p>La sant\u00e9 sexuelle est un \u00e9tat de bien-\u00eatre physique, \u00e9motionnel, mental et social en relation avec la sexualit\u00e9.&nbsp;ce n&#8217;est pas simplement l&#8217;absence de maladie, de dysfonctionnement ou d&#8217;infirmit\u00e9.&nbsp;La sant\u00e9 sexuelle requiert une approche positive et respectueuse de la sexualit\u00e9 et des relations sexuelles, ainsi que la possibilit\u00e9 de vivre des exp\u00e9riences sexuelles agr\u00e9ables et sans danger, sans contrainte, discrimination et violence.&nbsp;Pour que la sant\u00e9 sexuelle soit atteinte et maintenue, les droits sexuels de toutes les personnes doivent \u00eatre respect\u00e9s, prot\u00e9g\u00e9s et r\u00e9alis\u00e9s.<\/p>\n\n\n\n<p><a href=\"https:\/\/www.who.int\/reproductivehealth\/topics\/gender_rights\/sexual_health\/en\/\">https:\/\/www.who.int\/reproductivehealth\/topics\/gender_rights\/sexual_health\/en\/<\/a><\/p>\n","protected":false},"excerpt":{"rendered":"<p>La s\u00e9ance de sexoth\u00e9rapie La sexoth\u00e9rapie est un accompagnement th\u00e9rapeutique des troubles sexuels d&#8217;ordre psychique. La sexoth\u00e9rapie a vu le jour dans les ann\u00e9es 60. C&#8217;est une th\u00e9rapie qui vise \u00e0 recr\u00e9er les conditions d&#8217;une vie sexuelle \u00e9panouie. On consulte un sexoth\u00e9rapeute pour des troubles sexuels une fois que les causes m\u00e9dicales sont \u00e9cart\u00e9es. Les [&hellip;]<\/p>\n","protected":false},"author":1,"featured_media":355,"parent":0,"menu_order":0,"comment_status":"closed","ping_status":"closed","template":"","meta":{"_monsterinsights_skip_tracking":false,"_monsterinsights_sitenote_active":false,"_monsterinsights_sitenote_note":"","_monsterinsights_sitenote_category":0,"footnotes":""},"class_list":["post-277","page","type-page","status-publish","has-post-thumbnail","hentry"],"yoast_head":"<!-- This site is optimized with the Yoast SEO plugin v24.9 - https:\/\/yoast.com\/wordpress\/plugins\/seo\/ -->\n<title>La sexoth\u00e9rapie - Maud Th\u00e9rapie<\/title>\n<meta name=\"robots\" content=\"index, follow, max-snippet:-1, max-image-preview:large, max-video-preview:-1\" \/>\n<link rel=\"canonical\" href=\"https:\/\/maudtherapie.fr\/index.php\/la-sexotherapie\/\" \/>\n<meta property=\"og:locale\" content=\"en_US\" \/>\n<meta property=\"og:type\" content=\"article\" \/>\n<meta property=\"og:title\" content=\"La sexoth\u00e9rapie - Maud Th\u00e9rapie\" \/>\n<meta property=\"og:description\" content=\"La s\u00e9ance de sexoth\u00e9rapie La sexoth\u00e9rapie est un accompagnement th\u00e9rapeutique des troubles sexuels d&#8217;ordre psychique. La sexoth\u00e9rapie a vu le jour dans les ann\u00e9es 60. C&#8217;est une th\u00e9rapie qui vise \u00e0 recr\u00e9er les conditions d&#8217;une vie sexuelle \u00e9panouie. On consulte un sexoth\u00e9rapeute pour des troubles sexuels une fois que les causes m\u00e9dicales sont \u00e9cart\u00e9es. Les [&hellip;]\" \/>\n<meta property=\"og:url\" content=\"https:\/\/maudtherapie.fr\/index.php\/la-sexotherapie\/\" \/>\n<meta property=\"og:site_name\" content=\"Maud Th\u00e9rapie\" \/>\n<meta property=\"article:modified_time\" content=\"2024-08-15T11:55:32+00:00\" \/>\n<meta property=\"og:image\" content=\"https:\/\/maudtherapie.fr\/wp-content\/uploads\/2019\/06\/girls-3053051_1280.jpg\" \/>\n\t<meta property=\"og:image:width\" content=\"1280\" \/>\n\t<meta property=\"og:image:height\" content=\"808\" \/>\n\t<meta property=\"og:image:type\" content=\"image\/jpeg\" \/>\n<meta name=\"twitter:card\" content=\"summary_large_image\" \/>\n<meta name=\"twitter:label1\" content=\"Est. reading time\" \/>\n\t<meta name=\"twitter:data1\" content=\"2 minutes\" \/>\n<script type=\"application\/ld+json\" class=\"yoast-schema-graph\">{\"@context\":\"https:\/\/schema.org\",\"@graph\":[{\"@type\":\"WebPage\",\"@id\":\"https:\/\/maudtherapie.fr\/index.php\/la-sexotherapie\/\",\"url\":\"https:\/\/maudtherapie.fr\/index.php\/la-sexotherapie\/\",\"name\":\"La sexoth\u00e9rapie - Maud Th\u00e9rapie\",\"isPartOf\":{\"@id\":\"https:\/\/maudtherapie.fr\/#website\"},\"primaryImageOfPage\":{\"@id\":\"https:\/\/maudtherapie.fr\/index.php\/la-sexotherapie\/#primaryimage\"},\"image\":{\"@id\":\"https:\/\/maudtherapie.fr\/index.php\/la-sexotherapie\/#primaryimage\"},\"thumbnailUrl\":\"https:\/\/maudtherapie.fr\/wp-content\/uploads\/2019\/06\/girls-3053051_1280.jpg\",\"datePublished\":\"2019-06-11T11:43:22+00:00\",\"dateModified\":\"2024-08-15T11:55:32+00:00\",\"breadcrumb\":{\"@id\":\"https:\/\/maudtherapie.fr\/index.php\/la-sexotherapie\/#breadcrumb\"},\"inLanguage\":\"en-US\",\"potentialAction\":[{\"@type\":\"ReadAction\",\"target\":[\"https:\/\/maudtherapie.fr\/index.php\/la-sexotherapie\/\"]}]},{\"@type\":\"ImageObject\",\"inLanguage\":\"en-US\",\"@id\":\"https:\/\/maudtherapie.fr\/index.php\/la-sexotherapie\/#primaryimage\",\"url\":\"https:\/\/maudtherapie.fr\/wp-content\/uploads\/2019\/06\/girls-3053051_1280.jpg\",\"contentUrl\":\"https:\/\/maudtherapie.fr\/wp-content\/uploads\/2019\/06\/girls-3053051_1280.jpg\",\"width\":1280,\"height\":808},{\"@type\":\"BreadcrumbList\",\"@id\":\"https:\/\/maudtherapie.fr\/index.php\/la-sexotherapie\/#breadcrumb\",\"itemListElement\":[{\"@type\":\"ListItem\",\"position\":1,\"name\":\"Accueil\",\"item\":\"https:\/\/maudtherapie.fr\/\"},{\"@type\":\"ListItem\",\"position\":2,\"name\":\"La sexoth\u00e9rapie\"}]},{\"@type\":\"WebSite\",\"@id\":\"https:\/\/maudtherapie.fr\/#website\",\"url\":\"https:\/\/maudtherapie.fr\/\",\"name\":\"Maud Th\u00e9rapie\",\"description\":\"Psychopraticienne et Sexoth\u00e9rapeute\",\"potentialAction\":[{\"@type\":\"SearchAction\",\"target\":{\"@type\":\"EntryPoint\",\"urlTemplate\":\"https:\/\/maudtherapie.fr\/?s={search_term_string}\"},\"query-input\":{\"@type\":\"PropertyValueSpecification\",\"valueRequired\":true,\"valueName\":\"search_term_string\"}}],\"inLanguage\":\"en-US\"}]}<\/script>\n<!-- \/ Yoast SEO plugin. -->","yoast_head_json":{"title":"La sexoth\u00e9rapie - Maud Th\u00e9rapie","robots":{"index":"index","follow":"follow","max-snippet":"max-snippet:-1","max-image-preview":"max-image-preview:large","max-video-preview":"max-video-preview:-1"},"canonical":"https:\/\/maudtherapie.fr\/index.php\/la-sexotherapie\/","og_locale":"en_US","og_type":"article","og_title":"La sexoth\u00e9rapie - Maud Th\u00e9rapie","og_description":"La s\u00e9ance de sexoth\u00e9rapie La sexoth\u00e9rapie est un accompagnement th\u00e9rapeutique des troubles sexuels d&#8217;ordre psychique. La sexoth\u00e9rapie a vu le jour dans les ann\u00e9es 60. C&#8217;est une th\u00e9rapie qui vise \u00e0 recr\u00e9er les conditions d&#8217;une vie sexuelle \u00e9panouie. On consulte un sexoth\u00e9rapeute pour des troubles sexuels une fois que les causes m\u00e9dicales sont \u00e9cart\u00e9es. Les [&hellip;]","og_url":"https:\/\/maudtherapie.fr\/index.php\/la-sexotherapie\/","og_site_name":"Maud Th\u00e9rapie","article_modified_time":"2024-08-15T11:55:32+00:00","og_image":[{"width":1280,"height":808,"url":"https:\/\/maudtherapie.fr\/wp-content\/uploads\/2019\/06\/girls-3053051_1280.jpg","type":"image\/jpeg"}],"twitter_card":"summary_large_image","twitter_misc":{"Est. reading time":"2 minutes"},"schema":{"@context":"https:\/\/schema.org","@graph":[{"@type":"WebPage","@id":"https:\/\/maudtherapie.fr\/index.php\/la-sexotherapie\/","url":"https:\/\/maudtherapie.fr\/index.php\/la-sexotherapie\/","name":"La sexoth\u00e9rapie - Maud Th\u00e9rapie","isPartOf":{"@id":"https:\/\/maudtherapie.fr\/#website"},"primaryImageOfPage":{"@id":"https:\/\/maudtherapie.fr\/index.php\/la-sexotherapie\/#primaryimage"},"image":{"@id":"https:\/\/maudtherapie.fr\/index.php\/la-sexotherapie\/#primaryimage"},"thumbnailUrl":"https:\/\/maudtherapie.fr\/wp-content\/uploads\/2019\/06\/girls-3053051_1280.jpg","datePublished":"2019-06-11T11:43:22+00:00","dateModified":"2024-08-15T11:55:32+00:00","breadcrumb":{"@id":"https:\/\/maudtherapie.fr\/index.php\/la-sexotherapie\/#breadcrumb"},"inLanguage":"en-US","potentialAction":[{"@type":"ReadAction","target":["https:\/\/maudtherapie.fr\/index.php\/la-sexotherapie\/"]}]},{"@type":"ImageObject","inLanguage":"en-US","@id":"https:\/\/maudtherapie.fr\/index.php\/la-sexotherapie\/#primaryimage","url":"https:\/\/maudtherapie.fr\/wp-content\/uploads\/2019\/06\/girls-3053051_1280.jpg","contentUrl":"https:\/\/maudtherapie.fr\/wp-content\/uploads\/2019\/06\/girls-3053051_1280.jpg","width":1280,"height":808},{"@type":"BreadcrumbList","@id":"https:\/\/maudtherapie.fr\/index.php\/la-sexotherapie\/#breadcrumb","itemListElement":[{"@type":"ListItem","position":1,"name":"Accueil","item":"https:\/\/maudtherapie.fr\/"},{"@type":"ListItem","position":2,"name":"La sexoth\u00e9rapie"}]},{"@type":"WebSite","@id":"https:\/\/maudtherapie.fr\/#website","url":"https:\/\/maudtherapie.fr\/","name":"Maud Th\u00e9rapie","description":"Psychopraticienne et Sexoth\u00e9rapeute","potentialAction":[{"@type":"SearchAction","target":{"@type":"EntryPoint","urlTemplate":"https:\/\/maudtherapie.fr\/?s={search_term_string}"},"query-input":{"@type":"PropertyValueSpecification","valueRequired":true,"valueName":"search_term_string"}}],"inLanguage":"en-US"}]}},"_links":{"self":[{"href":"https:\/\/maudtherapie.fr\/index.php\/wp-json\/wp\/v2\/pages\/277","targetHints":{"allow":["GET"]}}],"collection":[{"href":"https:\/\/maudtherapie.fr\/index.php\/wp-json\/wp\/v2\/pages"}],"about":[{"href":"https:\/\/maudtherapie.fr\/index.php\/wp-json\/wp\/v2\/types\/page"}],"author":[{"embeddable":true,"href":"https:\/\/maudtherapie.fr\/index.php\/wp-json\/wp\/v2\/users\/1"}],"replies":[{"embeddable":true,"href":"https:\/\/maudtherapie.fr\/index.php\/wp-json\/wp\/v2\/comments?post=277"}],"version-history":[{"count":8,"href":"https:\/\/maudtherapie.fr\/index.php\/wp-json\/wp\/v2\/pages\/277\/revisions"}],"predecessor-version":[{"id":783,"href":"https:\/\/maudtherapie.fr\/index.php\/wp-json\/wp\/v2\/pages\/277\/revisions\/783"}],"wp:featuredmedia":[{"embeddable":true,"href":"https:\/\/maudtherapie.fr\/index.php\/wp-json\/wp\/v2\/media\/355"}],"wp:attachment":[{"href":"https:\/\/maudtherapie.fr\/index.php\/wp-json\/wp\/v2\/media?parent=277"}],"curies":[{"name":"wp","href":"https:\/\/api.w.org\/{rel}","templated":true}]}}