{"id":315,"date":"2019-06-11T13:42:44","date_gmt":"2019-06-11T11:42:44","guid":{"rendered":"http:\/\/maudtherapie.fr\/?page_id=315"},"modified":"2025-06-07T11:35:05","modified_gmt":"2025-06-07T09:35:05","slug":"accueil","status":"publish","type":"page","link":"https:\/\/maudtherapie.fr\/","title":{"rendered":"Bienvenue"},"content":{"rendered":"\n<p class=\"has-text-align-center has-accent-color has-white-background-color has-text-color has-background has-large-font-size\"><b>Je vous re\u00e7ois en <\/b><em style=\"\"><a style=\"font-weight: bold;\" href=\"http:\/\/maudtherapie.fr\/index.php\/la-visio\/\">Visio<\/a><\/em>.<\/p>\n\n\n\n<p>Bonjour \u00e0 toutes et \u00e0 tous,<\/p>\n\n\n\n<p>Que peut vous apporter un accompagnement th\u00e9rapeutique ?<\/p>\n\n\n\n<p>Dans les grandes lignes, cet accompagnement vous permet d&#8217;am\u00e9liorer : <\/p>\n\n\n\n<ul class=\"wp-block-list\">\n<li>votre estime de soi <\/li>\n\n\n\n<li>votre gestion du stress <\/li>\n\n\n\n<li>votre gestion des \u00e9motions <\/li>\n\n\n\n<li>vos objectifs<\/li>\n\n\n\n<li>votre relation aux autres, au monde <\/li>\n\n\n\n<li>votre \u00e9quilibre <\/li>\n\n\n\n<li>votre d\u00e9sir<\/li>\n<\/ul>\n\n\n\n<p class=\"has-text-align-left\"> Il vous permet d&#8217;acc\u00e9der \u00e0 une meilleure compr\u00e9hension de vous m\u00eame, de surmonter, de d\u00e9passer vos difficult\u00e9s, d\u2019obtenir ou de retrouver une meilleure qualit\u00e9 de vie et une meilleure sant\u00e9.  <\/p>\n\n\n\n<p class=\"has-text-align-center\">Ne restez pas seul, pour toutes interrogations, h\u00e9sitations, n&#8217;h\u00e9sitez pas \u00e0 prendre <a href=\"http:\/\/maudtherapie.fr\/index.php\/contact\/\">contact<\/a> avec moi. <\/p>\n\n\n","protected":false},"excerpt":{"rendered":"<p>Je vous re\u00e7ois en Visio. Bonjour \u00e0 toutes et \u00e0 tous, Que peut vous apporter un accompagnement th\u00e9rapeutique ? Dans les grandes lignes, cet accompagnement vous permet d&#8217;am\u00e9liorer : Il vous permet d&#8217;acc\u00e9der \u00e0 une meilleure compr\u00e9hension de vous m\u00eame, de surmonter, de d\u00e9passer vos difficult\u00e9s, d\u2019obtenir ou de retrouver une meilleure qualit\u00e9 de vie [&hellip;]<\/p>\n","protected":false},"author":1,"featured_media":514,"parent":0,"menu_order":0,"comment_status":"closed","ping_status":"closed","template":"","meta":{"_monsterinsights_skip_tracking":false,"_monsterinsights_sitenote_active":false,"_monsterinsights_sitenote_note":"","_monsterinsights_sitenote_category":0,"footnotes":""},"class_list":["post-315","page","type-page","status-publish","has-post-thumbnail","hentry"],"yoast_head":"<!-- This site is optimized with the Yoast SEO plugin v24.9 - https:\/\/yoast.com\/wordpress\/plugins\/seo\/ -->\n<title>Bienvenue - Maud Th\u00e9rapie<\/title>\n<meta name=\"robots\" content=\"index, follow, max-snippet:-1, max-image-preview:large, max-video-preview:-1\" \/>\n<link rel=\"canonical\" href=\"https:\/\/maudtherapie.fr\/\" \/>\n<meta property=\"og:locale\" content=\"en_US\" \/>\n<meta property=\"og:type\" content=\"article\" \/>\n<meta property=\"og:title\" content=\"Bienvenue - Maud Th\u00e9rapie\" \/>\n<meta property=\"og:description\" content=\"Je vous re\u00e7ois en Visio. Bonjour \u00e0 toutes et \u00e0 tous, Que peut vous apporter un accompagnement th\u00e9rapeutique ? Dans les grandes lignes, cet accompagnement vous permet d&#8217;am\u00e9liorer : Il vous permet d&#8217;acc\u00e9der \u00e0 une meilleure compr\u00e9hension de vous m\u00eame, de surmonter, de d\u00e9passer vos difficult\u00e9s, d\u2019obtenir ou de retrouver une meilleure qualit\u00e9 de vie [&hellip;]\" \/>\n<meta property=\"og:url\" content=\"https:\/\/maudtherapie.fr\/\" \/>\n<meta property=\"og:site_name\" content=\"Maud Th\u00e9rapie\" \/>\n<meta property=\"article:modified_time\" content=\"2025-06-07T09:35:05+00:00\" \/>\n<meta property=\"og:image\" content=\"https:\/\/maudtherapie.fr\/wp-content\/uploads\/2020\/08\/cropped-puzzle.jpg\" \/>\n\t<meta property=\"og:image:width\" content=\"1280\" \/>\n\t<meta property=\"og:image:height\" content=\"444\" \/>\n\t<meta property=\"og:image:type\" content=\"image\/jpeg\" \/>\n<meta name=\"twitter:card\" content=\"summary_large_image\" \/>\n<meta name=\"twitter:label1\" content=\"Est. reading time\" \/>\n\t<meta name=\"twitter:data1\" content=\"1 minute\" \/>\n<script type=\"application\/ld+json\" class=\"yoast-schema-graph\">{\"@context\":\"https:\/\/schema.org\",\"@graph\":[{\"@type\":\"WebPage\",\"@id\":\"https:\/\/maudtherapie.fr\/\",\"url\":\"https:\/\/maudtherapie.fr\/\",\"name\":\"Bienvenue - Maud Th\u00e9rapie\",\"isPartOf\":{\"@id\":\"https:\/\/maudtherapie.fr\/#website\"},\"primaryImageOfPage\":{\"@id\":\"https:\/\/maudtherapie.fr\/#primaryimage\"},\"image\":{\"@id\":\"https:\/\/maudtherapie.fr\/#primaryimage\"},\"thumbnailUrl\":\"https:\/\/maudtherapie.fr\/wp-content\/uploads\/2020\/08\/cropped-puzzle.jpg\",\"datePublished\":\"2019-06-11T11:42:44+00:00\",\"dateModified\":\"2025-06-07T09:35:05+00:00\",\"breadcrumb\":{\"@id\":\"https:\/\/maudtherapie.fr\/#breadcrumb\"},\"inLanguage\":\"en-US\",\"potentialAction\":[{\"@type\":\"ReadAction\",\"target\":[\"https:\/\/maudtherapie.fr\/\"]}]},{\"@type\":\"ImageObject\",\"inLanguage\":\"en-US\",\"@id\":\"https:\/\/maudtherapie.fr\/#primaryimage\",\"url\":\"https:\/\/maudtherapie.fr\/wp-content\/uploads\/2020\/08\/cropped-puzzle.jpg\",\"contentUrl\":\"https:\/\/maudtherapie.fr\/wp-content\/uploads\/2020\/08\/cropped-puzzle.jpg\",\"width\":1280,\"height\":444},{\"@type\":\"BreadcrumbList\",\"@id\":\"https:\/\/maudtherapie.fr\/#breadcrumb\",\"itemListElement\":[{\"@type\":\"ListItem\",\"position\":1,\"name\":\"Accueil\",\"item\":\"https:\/\/maudtherapie.fr\/\"},{\"@type\":\"ListItem\",\"position\":2,\"name\":\"Bienvenue\"}]},{\"@type\":\"WebSite\",\"@id\":\"https:\/\/maudtherapie.fr\/#website\",\"url\":\"https:\/\/maudtherapie.fr\/\",\"name\":\"Maud Th\u00e9rapie\",\"description\":\"Psychopraticienne et Sexoth\u00e9rapeute\",\"potentialAction\":[{\"@type\":\"SearchAction\",\"target\":{\"@type\":\"EntryPoint\",\"urlTemplate\":\"https:\/\/maudtherapie.fr\/?s={search_term_string}\"},\"query-input\":{\"@type\":\"PropertyValueSpecification\",\"valueRequired\":true,\"valueName\":\"search_term_string\"}}],\"inLanguage\":\"en-US\"}]}<\/script>\n<!-- \/ Yoast SEO plugin. -->","yoast_head_json":{"title":"Bienvenue - Maud Th\u00e9rapie","robots":{"index":"index","follow":"follow","max-snippet":"max-snippet:-1","max-image-preview":"max-image-preview:large","max-video-preview":"max-video-preview:-1"},"canonical":"https:\/\/maudtherapie.fr\/","og_locale":"en_US","og_type":"article","og_title":"Bienvenue - Maud Th\u00e9rapie","og_description":"Je vous re\u00e7ois en Visio. Bonjour \u00e0 toutes et \u00e0 tous, Que peut vous apporter un accompagnement th\u00e9rapeutique ? Dans les grandes lignes, cet accompagnement vous permet d&#8217;am\u00e9liorer : Il vous permet d&#8217;acc\u00e9der \u00e0 une meilleure compr\u00e9hension de vous m\u00eame, de surmonter, de d\u00e9passer vos difficult\u00e9s, d\u2019obtenir ou de retrouver une meilleure qualit\u00e9 de vie [&hellip;]","og_url":"https:\/\/maudtherapie.fr\/","og_site_name":"Maud Th\u00e9rapie","article_modified_time":"2025-06-07T09:35:05+00:00","og_image":[{"width":1280,"height":444,"url":"https:\/\/maudtherapie.fr\/wp-content\/uploads\/2020\/08\/cropped-puzzle.jpg","type":"image\/jpeg"}],"twitter_card":"summary_large_image","twitter_misc":{"Est. reading time":"1 minute"},"schema":{"@context":"https:\/\/schema.org","@graph":[{"@type":"WebPage","@id":"https:\/\/maudtherapie.fr\/","url":"https:\/\/maudtherapie.fr\/","name":"Bienvenue - Maud Th\u00e9rapie","isPartOf":{"@id":"https:\/\/maudtherapie.fr\/#website"},"primaryImageOfPage":{"@id":"https:\/\/maudtherapie.fr\/#primaryimage"},"image":{"@id":"https:\/\/maudtherapie.fr\/#primaryimage"},"thumbnailUrl":"https:\/\/maudtherapie.fr\/wp-content\/uploads\/2020\/08\/cropped-puzzle.jpg","datePublished":"2019-06-11T11:42:44+00:00","dateModified":"2025-06-07T09:35:05+00:00","breadcrumb":{"@id":"https:\/\/maudtherapie.fr\/#breadcrumb"},"inLanguage":"en-US","potentialAction":[{"@type":"ReadAction","target":["https:\/\/maudtherapie.fr\/"]}]},{"@type":"ImageObject","inLanguage":"en-US","@id":"https:\/\/maudtherapie.fr\/#primaryimage","url":"https:\/\/maudtherapie.fr\/wp-content\/uploads\/2020\/08\/cropped-puzzle.jpg","contentUrl":"https:\/\/maudtherapie.fr\/wp-content\/uploads\/2020\/08\/cropped-puzzle.jpg","width":1280,"height":444},{"@type":"BreadcrumbList","@id":"https:\/\/maudtherapie.fr\/#breadcrumb","itemListElement":[{"@type":"ListItem","position":1,"name":"Accueil","item":"https:\/\/maudtherapie.fr\/"},{"@type":"ListItem","position":2,"name":"Bienvenue"}]},{"@type":"WebSite","@id":"https:\/\/maudtherapie.fr\/#website","url":"https:\/\/maudtherapie.fr\/","name":"Maud Th\u00e9rapie","description":"Psychopraticienne et Sexoth\u00e9rapeute","potentialAction":[{"@type":"SearchAction","target":{"@type":"EntryPoint","urlTemplate":"https:\/\/maudtherapie.fr\/?s={search_term_string}"},"query-input":{"@type":"PropertyValueSpecification","valueRequired":true,"valueName":"search_term_string"}}],"inLanguage":"en-US"}]}},"_links":{"self":[{"href":"https:\/\/maudtherapie.fr\/index.php\/wp-json\/wp\/v2\/pages\/315","targetHints":{"allow":["GET"]}}],"collection":[{"href":"https:\/\/maudtherapie.fr\/index.php\/wp-json\/wp\/v2\/pages"}],"about":[{"href":"https:\/\/maudtherapie.fr\/index.php\/wp-json\/wp\/v2\/types\/page"}],"author":[{"embeddable":true,"href":"https:\/\/maudtherapie.fr\/index.php\/wp-json\/wp\/v2\/users\/1"}],"replies":[{"embeddable":true,"href":"https:\/\/maudtherapie.fr\/index.php\/wp-json\/wp\/v2\/comments?post=315"}],"version-history":[{"count":34,"href":"https:\/\/maudtherapie.fr\/index.php\/wp-json\/wp\/v2\/pages\/315\/revisions"}],"predecessor-version":[{"id":859,"href":"https:\/\/maudtherapie.fr\/index.php\/wp-json\/wp\/v2\/pages\/315\/revisions\/859"}],"wp:featuredmedia":[{"embeddable":true,"href":"https:\/\/maudtherapie.fr\/index.php\/wp-json\/wp\/v2\/media\/514"}],"wp:attachment":[{"href":"https:\/\/maudtherapie.fr\/index.php\/wp-json\/wp\/v2\/media?parent=315"}],"curies":[{"name":"wp","href":"https:\/\/api.w.org\/{rel}","templated":true}]}}