{"id":449,"date":"2020-08-03T14:13:38","date_gmt":"2020-08-03T12:13:38","guid":{"rendered":"http:\/\/maudtherapie.fr\/?page_id=449"},"modified":"2025-06-07T11:42:15","modified_gmt":"2025-06-07T09:42:15","slug":"la-seance-de-sexotherapie","status":"publish","type":"page","link":"https:\/\/maudtherapie.fr\/index.php\/la-seance-de-sexotherapie\/","title":{"rendered":"La s\u00e9ance de th\u00e9rapie"},"content":{"rendered":"\n<p><a href=\"http:\/\/maudtherapie.fr\/index.php\/la-sexotherapie\/\">La sexoth\u00e9rapie<\/a> <\/p>\n\n\n\n<p>Parler, comprendre, oser interroger n&#8217;est pas toujours naturel ou facile, d&#8217;autant plus lorsque beaucoup de questionnements s&#8217;installent ou que des difficult\u00e9s arrivent. La s\u00e9ance est un espace de recherche analytique pour identifier les sources et les comprendre mais \u00e9galement de recherche autour de ce que l&#8217;ont peut faire dans l&#8217;imm\u00e9diat pour mieux vivre la situation en attendant quelle se r\u00e9solve.<\/p>\n\n\n\n<p>Une s\u00e9ance individuelle dure environ 1h, o\u00f9 nous \u00e9changeons afin que je puisse vous accompagner \u00e0 votre rythme et selon vos besoins. <\/p>\n\n\n\n<p>Une s\u00e9ance de couple dure environ 1h30, afin de laisser suffisamment de temps d&#8217;\u00e9change \u00e0 chacun. <\/p>\n\n\n\n<p>La dur\u00e9e d&#8217;une th\u00e9rapie d\u00e9pend de chacun, mon travail est de vous permettre de ne plus avoir besoin de moi et le nombre de s\u00e9ance, ainsi que leur fr\u00e9quence se fait en accord mutuel. <\/p>\n","protected":false},"excerpt":{"rendered":"<p>La sexoth\u00e9rapie Parler, comprendre, oser interroger n&#8217;est pas toujours naturel ou facile, d&#8217;autant plus lorsque beaucoup de questionnements s&#8217;installent ou que des difficult\u00e9s arrivent. La s\u00e9ance est un espace de recherche analytique pour identifier les sources et les comprendre mais \u00e9galement de recherche autour de ce que l&#8217;ont peut faire dans l&#8217;imm\u00e9diat pour mieux vivre [&hellip;]<\/p>\n","protected":false},"author":1,"featured_media":323,"parent":0,"menu_order":0,"comment_status":"closed","ping_status":"closed","template":"","meta":{"_monsterinsights_skip_tracking":false,"_monsterinsights_sitenote_active":false,"_monsterinsights_sitenote_note":"","_monsterinsights_sitenote_category":0,"footnotes":""},"class_list":["post-449","page","type-page","status-publish","has-post-thumbnail","hentry"],"yoast_head":"<!-- This site is optimized with the Yoast SEO plugin v24.9 - https:\/\/yoast.com\/wordpress\/plugins\/seo\/ -->\n<title>La s\u00e9ance de th\u00e9rapie - Maud Th\u00e9rapie<\/title>\n<meta name=\"robots\" content=\"index, follow, max-snippet:-1, max-image-preview:large, max-video-preview:-1\" \/>\n<link rel=\"canonical\" href=\"https:\/\/maudtherapie.fr\/index.php\/la-seance-de-sexotherapie\/\" \/>\n<meta property=\"og:locale\" content=\"en_US\" \/>\n<meta property=\"og:type\" content=\"article\" \/>\n<meta property=\"og:title\" content=\"La s\u00e9ance de th\u00e9rapie - Maud Th\u00e9rapie\" \/>\n<meta property=\"og:description\" content=\"La sexoth\u00e9rapie Parler, comprendre, oser interroger n&#8217;est pas toujours naturel ou facile, d&#8217;autant plus lorsque beaucoup de questionnements s&#8217;installent ou que des difficult\u00e9s arrivent. La s\u00e9ance est un espace de recherche analytique pour identifier les sources et les comprendre mais \u00e9galement de recherche autour de ce que l&#8217;ont peut faire dans l&#8217;imm\u00e9diat pour mieux vivre [&hellip;]\" \/>\n<meta property=\"og:url\" content=\"https:\/\/maudtherapie.fr\/index.php\/la-seance-de-sexotherapie\/\" \/>\n<meta property=\"og:site_name\" content=\"Maud Th\u00e9rapie\" \/>\n<meta property=\"article:modified_time\" content=\"2025-06-07T09:42:15+00:00\" \/>\n<meta property=\"og:image\" content=\"https:\/\/maudtherapie.fr\/wp-content\/uploads\/2019\/06\/apples-634572_1920-e1560088773283.jpg\" \/>\n\t<meta property=\"og:image:width\" content=\"1920\" \/>\n\t<meta property=\"og:image:height\" content=\"1280\" \/>\n\t<meta property=\"og:image:type\" content=\"image\/jpeg\" \/>\n<meta name=\"twitter:card\" content=\"summary_large_image\" \/>\n<meta name=\"twitter:label1\" content=\"Est. reading time\" \/>\n\t<meta name=\"twitter:data1\" content=\"1 minute\" \/>\n<script type=\"application\/ld+json\" class=\"yoast-schema-graph\">{\"@context\":\"https:\/\/schema.org\",\"@graph\":[{\"@type\":\"WebPage\",\"@id\":\"https:\/\/maudtherapie.fr\/index.php\/la-seance-de-sexotherapie\/\",\"url\":\"https:\/\/maudtherapie.fr\/index.php\/la-seance-de-sexotherapie\/\",\"name\":\"La s\u00e9ance de th\u00e9rapie - Maud Th\u00e9rapie\",\"isPartOf\":{\"@id\":\"https:\/\/maudtherapie.fr\/#website\"},\"primaryImageOfPage\":{\"@id\":\"https:\/\/maudtherapie.fr\/index.php\/la-seance-de-sexotherapie\/#primaryimage\"},\"image\":{\"@id\":\"https:\/\/maudtherapie.fr\/index.php\/la-seance-de-sexotherapie\/#primaryimage\"},\"thumbnailUrl\":\"https:\/\/maudtherapie.fr\/wp-content\/uploads\/2019\/06\/apples-634572_1920-e1560088773283.jpg\",\"datePublished\":\"2020-08-03T12:13:38+00:00\",\"dateModified\":\"2025-06-07T09:42:15+00:00\",\"breadcrumb\":{\"@id\":\"https:\/\/maudtherapie.fr\/index.php\/la-seance-de-sexotherapie\/#breadcrumb\"},\"inLanguage\":\"en-US\",\"potentialAction\":[{\"@type\":\"ReadAction\",\"target\":[\"https:\/\/maudtherapie.fr\/index.php\/la-seance-de-sexotherapie\/\"]}]},{\"@type\":\"ImageObject\",\"inLanguage\":\"en-US\",\"@id\":\"https:\/\/maudtherapie.fr\/index.php\/la-seance-de-sexotherapie\/#primaryimage\",\"url\":\"https:\/\/maudtherapie.fr\/wp-content\/uploads\/2019\/06\/apples-634572_1920-e1560088773283.jpg\",\"contentUrl\":\"https:\/\/maudtherapie.fr\/wp-content\/uploads\/2019\/06\/apples-634572_1920-e1560088773283.jpg\",\"width\":1920,\"height\":1280},{\"@type\":\"BreadcrumbList\",\"@id\":\"https:\/\/maudtherapie.fr\/index.php\/la-seance-de-sexotherapie\/#breadcrumb\",\"itemListElement\":[{\"@type\":\"ListItem\",\"position\":1,\"name\":\"Accueil\",\"item\":\"https:\/\/maudtherapie.fr\/\"},{\"@type\":\"ListItem\",\"position\":2,\"name\":\"La s\u00e9ance de th\u00e9rapie\"}]},{\"@type\":\"WebSite\",\"@id\":\"https:\/\/maudtherapie.fr\/#website\",\"url\":\"https:\/\/maudtherapie.fr\/\",\"name\":\"Maud Th\u00e9rapie\",\"description\":\"Psychopraticienne et Sexoth\u00e9rapeute\",\"potentialAction\":[{\"@type\":\"SearchAction\",\"target\":{\"@type\":\"EntryPoint\",\"urlTemplate\":\"https:\/\/maudtherapie.fr\/?s={search_term_string}\"},\"query-input\":{\"@type\":\"PropertyValueSpecification\",\"valueRequired\":true,\"valueName\":\"search_term_string\"}}],\"inLanguage\":\"en-US\"}]}<\/script>\n<!-- \/ Yoast SEO plugin. -->","yoast_head_json":{"title":"La s\u00e9ance de th\u00e9rapie - Maud Th\u00e9rapie","robots":{"index":"index","follow":"follow","max-snippet":"max-snippet:-1","max-image-preview":"max-image-preview:large","max-video-preview":"max-video-preview:-1"},"canonical":"https:\/\/maudtherapie.fr\/index.php\/la-seance-de-sexotherapie\/","og_locale":"en_US","og_type":"article","og_title":"La s\u00e9ance de th\u00e9rapie - Maud Th\u00e9rapie","og_description":"La sexoth\u00e9rapie Parler, comprendre, oser interroger n&#8217;est pas toujours naturel ou facile, d&#8217;autant plus lorsque beaucoup de questionnements s&#8217;installent ou que des difficult\u00e9s arrivent. La s\u00e9ance est un espace de recherche analytique pour identifier les sources et les comprendre mais \u00e9galement de recherche autour de ce que l&#8217;ont peut faire dans l&#8217;imm\u00e9diat pour mieux vivre [&hellip;]","og_url":"https:\/\/maudtherapie.fr\/index.php\/la-seance-de-sexotherapie\/","og_site_name":"Maud Th\u00e9rapie","article_modified_time":"2025-06-07T09:42:15+00:00","og_image":[{"width":1920,"height":1280,"url":"https:\/\/maudtherapie.fr\/wp-content\/uploads\/2019\/06\/apples-634572_1920-e1560088773283.jpg","type":"image\/jpeg"}],"twitter_card":"summary_large_image","twitter_misc":{"Est. reading time":"1 minute"},"schema":{"@context":"https:\/\/schema.org","@graph":[{"@type":"WebPage","@id":"https:\/\/maudtherapie.fr\/index.php\/la-seance-de-sexotherapie\/","url":"https:\/\/maudtherapie.fr\/index.php\/la-seance-de-sexotherapie\/","name":"La s\u00e9ance de th\u00e9rapie - Maud Th\u00e9rapie","isPartOf":{"@id":"https:\/\/maudtherapie.fr\/#website"},"primaryImageOfPage":{"@id":"https:\/\/maudtherapie.fr\/index.php\/la-seance-de-sexotherapie\/#primaryimage"},"image":{"@id":"https:\/\/maudtherapie.fr\/index.php\/la-seance-de-sexotherapie\/#primaryimage"},"thumbnailUrl":"https:\/\/maudtherapie.fr\/wp-content\/uploads\/2019\/06\/apples-634572_1920-e1560088773283.jpg","datePublished":"2020-08-03T12:13:38+00:00","dateModified":"2025-06-07T09:42:15+00:00","breadcrumb":{"@id":"https:\/\/maudtherapie.fr\/index.php\/la-seance-de-sexotherapie\/#breadcrumb"},"inLanguage":"en-US","potentialAction":[{"@type":"ReadAction","target":["https:\/\/maudtherapie.fr\/index.php\/la-seance-de-sexotherapie\/"]}]},{"@type":"ImageObject","inLanguage":"en-US","@id":"https:\/\/maudtherapie.fr\/index.php\/la-seance-de-sexotherapie\/#primaryimage","url":"https:\/\/maudtherapie.fr\/wp-content\/uploads\/2019\/06\/apples-634572_1920-e1560088773283.jpg","contentUrl":"https:\/\/maudtherapie.fr\/wp-content\/uploads\/2019\/06\/apples-634572_1920-e1560088773283.jpg","width":1920,"height":1280},{"@type":"BreadcrumbList","@id":"https:\/\/maudtherapie.fr\/index.php\/la-seance-de-sexotherapie\/#breadcrumb","itemListElement":[{"@type":"ListItem","position":1,"name":"Accueil","item":"https:\/\/maudtherapie.fr\/"},{"@type":"ListItem","position":2,"name":"La s\u00e9ance de th\u00e9rapie"}]},{"@type":"WebSite","@id":"https:\/\/maudtherapie.fr\/#website","url":"https:\/\/maudtherapie.fr\/","name":"Maud Th\u00e9rapie","description":"Psychopraticienne et Sexoth\u00e9rapeute","potentialAction":[{"@type":"SearchAction","target":{"@type":"EntryPoint","urlTemplate":"https:\/\/maudtherapie.fr\/?s={search_term_string}"},"query-input":{"@type":"PropertyValueSpecification","valueRequired":true,"valueName":"search_term_string"}}],"inLanguage":"en-US"}]}},"_links":{"self":[{"href":"https:\/\/maudtherapie.fr\/index.php\/wp-json\/wp\/v2\/pages\/449","targetHints":{"allow":["GET"]}}],"collection":[{"href":"https:\/\/maudtherapie.fr\/index.php\/wp-json\/wp\/v2\/pages"}],"about":[{"href":"https:\/\/maudtherapie.fr\/index.php\/wp-json\/wp\/v2\/types\/page"}],"author":[{"embeddable":true,"href":"https:\/\/maudtherapie.fr\/index.php\/wp-json\/wp\/v2\/users\/1"}],"replies":[{"embeddable":true,"href":"https:\/\/maudtherapie.fr\/index.php\/wp-json\/wp\/v2\/comments?post=449"}],"version-history":[{"count":9,"href":"https:\/\/maudtherapie.fr\/index.php\/wp-json\/wp\/v2\/pages\/449\/revisions"}],"predecessor-version":[{"id":865,"href":"https:\/\/maudtherapie.fr\/index.php\/wp-json\/wp\/v2\/pages\/449\/revisions\/865"}],"wp:featuredmedia":[{"embeddable":true,"href":"https:\/\/maudtherapie.fr\/index.php\/wp-json\/wp\/v2\/media\/323"}],"wp:attachment":[{"href":"https:\/\/maudtherapie.fr\/index.php\/wp-json\/wp\/v2\/media?parent=449"}],"curies":[{"name":"wp","href":"https:\/\/api.w.org\/{rel}","templated":true}]}}